{"id":5,"date":"2017-03-29T17:40:51","date_gmt":"2017-03-29T17:40:51","guid":{"rendered":"http:\/\/localhost\/?page_id=5"},"modified":"2025-01-31T21:20:22","modified_gmt":"2025-01-31T20:20:22","slug":"uber-mich","status":"publish","type":"page","link":"https:\/\/www.hundeosteopathie-muenster.de\/index.php\/uber-mich\/","title":{"rendered":"\u00dcber Mich"},"content":{"rendered":"<p><img loading=\"lazy\" decoding=\"async\" class=\"alignnone size-medium wp-image-150\" src=\"https:\/\/www.hundeosteopathie-muenster.de\/wp-content\/uploads\/2018\/04\/IchundHund_red-846x1136.jpg\" alt=\"\" width=\"846\" height=\"1136\" srcset=\"https:\/\/www.hundeosteopathie-muenster.de\/wp-content\/uploads\/2018\/04\/IchundHund_red-846x1136.jpg 846w, https:\/\/www.hundeosteopathie-muenster.de\/wp-content\/uploads\/2018\/04\/IchundHund_red-112x150.jpg 112w, https:\/\/www.hundeosteopathie-muenster.de\/wp-content\/uploads\/2018\/04\/IchundHund_red-768x1031.jpg 768w\" sizes=\"auto, (max-width: 846px) 100vw, 846px\" \/><\/p>\n<p>Ich bin seit fast 30 Jahren gelernte und praktizierende Human-Physiotherapeutin und seit 2017 arbeite ich zus\u00e4tzlich als selbstst\u00e4ndige Hunde-Osteotherapeutin mit mobiler Praxis.<\/p>\n<p>Mit viel Freude habe ich meine Berufung und mein Interesse f\u00fcr Tiere zum Beruf gemacht und behandle seit \u00fcber 8 Jahren Ihren Vierbeiner in Ihrem Zuhause in gewohnter Umgebung.<\/p>\n<p>Ihre vertrauensvolle Ansprechpartnerin wenn es um Fragen zu Ihrem Tier geht:<\/p>\n<h4>Nicole K\u00f6lker<\/h4>\n<p>Wohnhaft: M\u00fcnster\u00a0&#8211; OT\u00a0Albachten<\/p>\n<h4>Steckbrief<\/h4>\n<ul>\n<li>Abitur<\/li>\n<li>Physiotherapeutin<\/li>\n<li>Hunde-Osteotherapeutin<\/li>\n<\/ul>\n<p>Durch kontinuierliche Teilnahme an verschiedenen Weiterbildungen und Veranstaltungen wird\u00a0es mir m\u00f6glich, Ihrem Tier\u00a0nach bestem Gewissen eine qualitative Behandlung zukommen zu lassen. Hierbei steht grunds\u00e4tzlich das Wohl des Tieres an erster Stelle.<\/p>\n","protected":false},"excerpt":{"rendered":"<p>Ich bin seit fast 30 Jahren gelernte und praktizierende Human-Physiotherapeutin und seit 2017 arbeite ich zus\u00e4tzlich als selbstst\u00e4ndige Hunde-Osteotherapeutin mit mobiler Praxis. Mit viel Freude habe ich meine Berufung und mein Interesse f\u00fcr Tiere zum Beruf gemacht und behandle seit<\/p>\n","protected":false},"author":1,"featured_media":0,"parent":0,"menu_order":0,"comment_status":"closed","ping_status":"closed","template":"","meta":{"footnotes":""},"class_list":["post-5","page","type-page","status-publish","hentry"],"yoast_head":"<!-- This site is optimized with the Yoast SEO plugin v27.0 - https:\/\/yoast.com\/product\/yoast-seo-wordpress\/ -->\n<title>\u00dcber Mich - HUNDEOSTEOPATHIE<\/title>\n<meta name=\"description\" content=\"Nicole K\u00f6lker Hundeosteopathie und Hundephysiotherapie in M\u00fcnster und Umgebung. Ich bin seit \u00fcber 20 Jahren gelernte und praktizierende Human-Physiotherapeutin und setze dieses Wissen nun auch im Tierbereich ein.\" \/>\n<meta name=\"robots\" content=\"index, follow, max-snippet:-1, max-image-preview:large, max-video-preview:-1\" \/>\n<link rel=\"canonical\" href=\"https:\/\/www.hundeosteopathie-muenster.de\/index.php\/uber-mich\/\" \/>\n<meta property=\"og:locale\" content=\"de_DE\" \/>\n<meta property=\"og:type\" content=\"article\" \/>\n<meta property=\"og:title\" content=\"\u00dcber Mich - HUNDEOSTEOPATHIE\" \/>\n<meta property=\"og:description\" content=\"Nicole K\u00f6lker Hundeosteopathie und Hundephysiotherapie in M\u00fcnster und Umgebung. Ich bin seit \u00fcber 20 Jahren gelernte und praktizierende Human-Physiotherapeutin und setze dieses Wissen nun auch im Tierbereich ein.\" \/>\n<meta property=\"og:url\" content=\"https:\/\/www.hundeosteopathie-muenster.de\/index.php\/uber-mich\/\" \/>\n<meta property=\"og:site_name\" content=\"HUNDEOSTEOPATHIE\" \/>\n<meta property=\"article:publisher\" content=\"https:\/\/www.facebook.com\/HundeosteopathieMuenster\/\" \/>\n<meta property=\"article:modified_time\" content=\"2025-01-31T20:20:22+00:00\" \/>\n<meta property=\"og:image\" content=\"http:\/\/www.hundeosteopathie-muenster.de\/wp-content\/uploads\/2018\/04\/IchundHund_red-846x1136.jpg\" \/>\n<meta name=\"twitter:card\" content=\"summary_large_image\" \/>\n<meta name=\"twitter:label1\" content=\"Gesch\u00e4tzte Lesezeit\" \/>\n\t<meta name=\"twitter:data1\" content=\"1\u00a0Minute\" \/>\n<script type=\"application\/ld+json\" class=\"yoast-schema-graph\">{\"@context\":\"https:\/\/schema.org\",\"@graph\":[{\"@type\":\"WebPage\",\"@id\":\"https:\/\/www.hundeosteopathie-muenster.de\/index.php\/uber-mich\/\",\"url\":\"https:\/\/www.hundeosteopathie-muenster.de\/index.php\/uber-mich\/\",\"name\":\"\u00dcber Mich - HUNDEOSTEOPATHIE\",\"isPartOf\":{\"@id\":\"https:\/\/www.hundeosteopathie-muenster.de\/#website\"},\"primaryImageOfPage\":{\"@id\":\"https:\/\/www.hundeosteopathie-muenster.de\/index.php\/uber-mich\/#primaryimage\"},\"image\":{\"@id\":\"https:\/\/www.hundeosteopathie-muenster.de\/index.php\/uber-mich\/#primaryimage\"},\"thumbnailUrl\":\"http:\/\/www.hundeosteopathie-muenster.de\/wp-content\/uploads\/2018\/04\/IchundHund_red-846x1136.jpg\",\"datePublished\":\"2017-03-29T17:40:51+00:00\",\"dateModified\":\"2025-01-31T20:20:22+00:00\",\"description\":\"Nicole K\u00f6lker Hundeosteopathie und Hundephysiotherapie in M\u00fcnster und Umgebung. Ich bin seit \u00fcber 20 Jahren gelernte und praktizierende Human-Physiotherapeutin und setze dieses Wissen nun auch im Tierbereich ein.\",\"breadcrumb\":{\"@id\":\"https:\/\/www.hundeosteopathie-muenster.de\/index.php\/uber-mich\/#breadcrumb\"},\"inLanguage\":\"de\",\"potentialAction\":[{\"@type\":\"ReadAction\",\"target\":[\"https:\/\/www.hundeosteopathie-muenster.de\/index.php\/uber-mich\/\"]}]},{\"@type\":\"ImageObject\",\"inLanguage\":\"de\",\"@id\":\"https:\/\/www.hundeosteopathie-muenster.de\/index.php\/uber-mich\/#primaryimage\",\"url\":\"http:\/\/www.hundeosteopathie-muenster.de\/wp-content\/uploads\/2018\/04\/IchundHund_red-846x1136.jpg\",\"contentUrl\":\"http:\/\/www.hundeosteopathie-muenster.de\/wp-content\/uploads\/2018\/04\/IchundHund_red-846x1136.jpg\"},{\"@type\":\"BreadcrumbList\",\"@id\":\"https:\/\/www.hundeosteopathie-muenster.de\/index.php\/uber-mich\/#breadcrumb\",\"itemListElement\":[{\"@type\":\"ListItem\",\"position\":1,\"name\":\"Startseite\",\"item\":\"https:\/\/www.hundeosteopathie-muenster.de\/\"},{\"@type\":\"ListItem\",\"position\":2,\"name\":\"\u00dcber Mich\"}]},{\"@type\":\"WebSite\",\"@id\":\"https:\/\/www.hundeosteopathie-muenster.de\/#website\",\"url\":\"https:\/\/www.hundeosteopathie-muenster.de\/\",\"name\":\"HUNDEOSTEOPATHIE\",\"description\":\"Nicole K\u00f6lker\",\"potentialAction\":[{\"@type\":\"SearchAction\",\"target\":{\"@type\":\"EntryPoint\",\"urlTemplate\":\"https:\/\/www.hundeosteopathie-muenster.de\/?s={search_term_string}\"},\"query-input\":{\"@type\":\"PropertyValueSpecification\",\"valueRequired\":true,\"valueName\":\"search_term_string\"}}],\"inLanguage\":\"de\"}]}<\/script>\n<!-- \/ Yoast SEO plugin. -->","yoast_head_json":{"title":"\u00dcber Mich - HUNDEOSTEOPATHIE","description":"Nicole K\u00f6lker Hundeosteopathie und Hundephysiotherapie in M\u00fcnster und Umgebung. Ich bin seit \u00fcber 20 Jahren gelernte und praktizierende Human-Physiotherapeutin und setze dieses Wissen nun auch im Tierbereich ein.","robots":{"index":"index","follow":"follow","max-snippet":"max-snippet:-1","max-image-preview":"max-image-preview:large","max-video-preview":"max-video-preview:-1"},"canonical":"https:\/\/www.hundeosteopathie-muenster.de\/index.php\/uber-mich\/","og_locale":"de_DE","og_type":"article","og_title":"\u00dcber Mich - HUNDEOSTEOPATHIE","og_description":"Nicole K\u00f6lker Hundeosteopathie und Hundephysiotherapie in M\u00fcnster und Umgebung. Ich bin seit \u00fcber 20 Jahren gelernte und praktizierende Human-Physiotherapeutin und setze dieses Wissen nun auch im Tierbereich ein.","og_url":"https:\/\/www.hundeosteopathie-muenster.de\/index.php\/uber-mich\/","og_site_name":"HUNDEOSTEOPATHIE","article_publisher":"https:\/\/www.facebook.com\/HundeosteopathieMuenster\/","article_modified_time":"2025-01-31T20:20:22+00:00","og_image":[{"url":"http:\/\/www.hundeosteopathie-muenster.de\/wp-content\/uploads\/2018\/04\/IchundHund_red-846x1136.jpg","type":"","width":"","height":""}],"twitter_card":"summary_large_image","twitter_misc":{"Gesch\u00e4tzte Lesezeit":"1\u00a0Minute"},"schema":{"@context":"https:\/\/schema.org","@graph":[{"@type":"WebPage","@id":"https:\/\/www.hundeosteopathie-muenster.de\/index.php\/uber-mich\/","url":"https:\/\/www.hundeosteopathie-muenster.de\/index.php\/uber-mich\/","name":"\u00dcber Mich - HUNDEOSTEOPATHIE","isPartOf":{"@id":"https:\/\/www.hundeosteopathie-muenster.de\/#website"},"primaryImageOfPage":{"@id":"https:\/\/www.hundeosteopathie-muenster.de\/index.php\/uber-mich\/#primaryimage"},"image":{"@id":"https:\/\/www.hundeosteopathie-muenster.de\/index.php\/uber-mich\/#primaryimage"},"thumbnailUrl":"http:\/\/www.hundeosteopathie-muenster.de\/wp-content\/uploads\/2018\/04\/IchundHund_red-846x1136.jpg","datePublished":"2017-03-29T17:40:51+00:00","dateModified":"2025-01-31T20:20:22+00:00","description":"Nicole K\u00f6lker Hundeosteopathie und Hundephysiotherapie in M\u00fcnster und Umgebung. Ich bin seit \u00fcber 20 Jahren gelernte und praktizierende Human-Physiotherapeutin und setze dieses Wissen nun auch im Tierbereich ein.","breadcrumb":{"@id":"https:\/\/www.hundeosteopathie-muenster.de\/index.php\/uber-mich\/#breadcrumb"},"inLanguage":"de","potentialAction":[{"@type":"ReadAction","target":["https:\/\/www.hundeosteopathie-muenster.de\/index.php\/uber-mich\/"]}]},{"@type":"ImageObject","inLanguage":"de","@id":"https:\/\/www.hundeosteopathie-muenster.de\/index.php\/uber-mich\/#primaryimage","url":"http:\/\/www.hundeosteopathie-muenster.de\/wp-content\/uploads\/2018\/04\/IchundHund_red-846x1136.jpg","contentUrl":"http:\/\/www.hundeosteopathie-muenster.de\/wp-content\/uploads\/2018\/04\/IchundHund_red-846x1136.jpg"},{"@type":"BreadcrumbList","@id":"https:\/\/www.hundeosteopathie-muenster.de\/index.php\/uber-mich\/#breadcrumb","itemListElement":[{"@type":"ListItem","position":1,"name":"Startseite","item":"https:\/\/www.hundeosteopathie-muenster.de\/"},{"@type":"ListItem","position":2,"name":"\u00dcber Mich"}]},{"@type":"WebSite","@id":"https:\/\/www.hundeosteopathie-muenster.de\/#website","url":"https:\/\/www.hundeosteopathie-muenster.de\/","name":"HUNDEOSTEOPATHIE","description":"Nicole K\u00f6lker","potentialAction":[{"@type":"SearchAction","target":{"@type":"EntryPoint","urlTemplate":"https:\/\/www.hundeosteopathie-muenster.de\/?s={search_term_string}"},"query-input":{"@type":"PropertyValueSpecification","valueRequired":true,"valueName":"search_term_string"}}],"inLanguage":"de"}]}},"_links":{"self":[{"href":"https:\/\/www.hundeosteopathie-muenster.de\/index.php\/wp-json\/wp\/v2\/pages\/5","targetHints":{"allow":["GET"]}}],"collection":[{"href":"https:\/\/www.hundeosteopathie-muenster.de\/index.php\/wp-json\/wp\/v2\/pages"}],"about":[{"href":"https:\/\/www.hundeosteopathie-muenster.de\/index.php\/wp-json\/wp\/v2\/types\/page"}],"author":[{"embeddable":true,"href":"https:\/\/www.hundeosteopathie-muenster.de\/index.php\/wp-json\/wp\/v2\/users\/1"}],"replies":[{"embeddable":true,"href":"https:\/\/www.hundeosteopathie-muenster.de\/index.php\/wp-json\/wp\/v2\/comments?post=5"}],"version-history":[{"count":9,"href":"https:\/\/www.hundeosteopathie-muenster.de\/index.php\/wp-json\/wp\/v2\/pages\/5\/revisions"}],"predecessor-version":[{"id":257,"href":"https:\/\/www.hundeosteopathie-muenster.de\/index.php\/wp-json\/wp\/v2\/pages\/5\/revisions\/257"}],"wp:attachment":[{"href":"https:\/\/www.hundeosteopathie-muenster.de\/index.php\/wp-json\/wp\/v2\/media?parent=5"}],"curies":[{"name":"wp","href":"https:\/\/api.w.org\/{rel}","templated":true}]}}