{"id":59,"date":"2017-04-09T15:09:05","date_gmt":"2017-04-09T15:09:05","guid":{"rendered":"http:\/\/localhost\/?page_id=59"},"modified":"2018-04-22T12:07:31","modified_gmt":"2018-04-22T10:07:31","slug":"hundeosteopathie","status":"publish","type":"page","link":"https:\/\/www.hundeosteopathie-muenster.de\/index.php\/hundeosteopathie\/","title":{"rendered":"Hundeosteopathie"},"content":{"rendered":"<p><img loading=\"lazy\" decoding=\"async\" class=\"alignright size-medium wp-image-153\" src=\"https:\/\/www.hundeosteopathie-muenster.de\/wp-content\/uploads\/2018\/04\/Kreuzgriff_red-1136x691.jpg\" alt=\"\" width=\"1136\" height=\"691\" srcset=\"https:\/\/www.hundeosteopathie-muenster.de\/wp-content\/uploads\/2018\/04\/Kreuzgriff_red-1136x691.jpg 1136w, https:\/\/www.hundeosteopathie-muenster.de\/wp-content\/uploads\/2018\/04\/Kreuzgriff_red-150x91.jpg 150w, https:\/\/www.hundeosteopathie-muenster.de\/wp-content\/uploads\/2018\/04\/Kreuzgriff_red-768x467.jpg 768w\" sizes=\"auto, (max-width: 1136px) 100vw, 1136px\" \/><\/p>\n<p><em>&#8222;Bewegung ist Leben.<br \/>\nLeben ist ein Prozess.<br \/>\nVerbessere die Qualit\u00e4t des Prozesses<br \/>\nund du verbesserst das Leben selbst.&#8220;<\/em><br \/>\nMosh\u00e9 Feldenkreis 1904-1984<\/p>\n<p>Die Osteopathie ist eine ganzheitliche Therapieform, die helfen soll, den K\u00f6rper ins Gleichgewicht zu bringen, so dass sich das Tier durch seine Selbstheilungskr\u00e4fte heilen kann.<\/p>\n<ul>\n<li>Therapie von orthop\u00e4dischen und neurologischen Erkrankungen<\/li>\n<li>Therapie von unterschiedlich ausgepr\u00e4gten Bewegungsst\u00f6rungen<\/li>\n<li>Behandlung nach einer OP wegen Erkrankung des Bewegungsapparates<\/li>\n<li>Linderung von Schmerzen und Verk\u00fcrzung der Heilungsphase<\/li>\n<li>Verbesserung und\u00a0Erhaltung der Funktionsf\u00e4higkeit von Muskulatur und Gelenken<\/li>\n<li>Behandlung und Mobilisierung innerer Organe<\/li>\n<\/ul>\n<p>Wann sollte ich die Osteopathie als Therapieform f\u00fcr mein Tier ausw\u00e4hlen?<\/p>\n<ul>\n<li>Auff\u00e4lligkeiten beim Gang (z.B. steifer Gang)<\/li>\n<li>Probleme beim Hinlegen oder Aufstehen<\/li>\n<li>Probleme beim Treppe steigen<\/li>\n<li>Lahmheiten<\/li>\n<li>L\u00e4hmungen<\/li>\n<li>vor und nach OP&#8217;s<\/li>\n<li>Muskelschw\u00e4chen<\/li>\n<li>H\u00fcftdysplasie (HD) \/\u00a0Ellenbogendysplasie (ED)<\/li>\n<li>Wirbels\u00e4ulenblockade und Bandscheibenvorfall<\/li>\n<li>Kreuzbandriss<\/li>\n<li>Steigerung der Lebensqualit\u00e4t im Alter<\/li>\n<\/ul>\n<p><img loading=\"lazy\" decoding=\"async\" class=\"alignright size-medium wp-image-149\" src=\"https:\/\/www.hundeosteopathie-muenster.de\/wp-content\/uploads\/2018\/04\/Hinterpfote_red-1136x793.jpg\" alt=\"\" width=\"1136\" height=\"793\" srcset=\"https:\/\/www.hundeosteopathie-muenster.de\/wp-content\/uploads\/2018\/04\/Hinterpfote_red-1136x793.jpg 1136w, https:\/\/www.hundeosteopathie-muenster.de\/wp-content\/uploads\/2018\/04\/Hinterpfote_red-150x105.jpg 150w, https:\/\/www.hundeosteopathie-muenster.de\/wp-content\/uploads\/2018\/04\/Hinterpfote_red-768x536.jpg 768w\" sizes=\"auto, (max-width: 1136px) 100vw, 1136px\" \/><\/p>\n","protected":false},"excerpt":{"rendered":"<p>&#8222;Bewegung ist Leben. Leben ist ein Prozess. Verbessere die Qualit\u00e4t des Prozesses und du verbesserst das Leben selbst.&#8220; Mosh\u00e9 Feldenkreis 1904-1984 Die Osteopathie ist eine ganzheitliche Therapieform, die helfen soll, den K\u00f6rper ins Gleichgewicht zu bringen, so dass sich das<\/p>\n","protected":false},"author":1,"featured_media":0,"parent":0,"menu_order":0,"comment_status":"closed","ping_status":"closed","template":"","meta":{"footnotes":""},"class_list":["post-59","page","type-page","status-publish","hentry"],"yoast_head":"<!-- This site is optimized with the Yoast SEO plugin v27.0 - https:\/\/yoast.com\/product\/yoast-seo-wordpress\/ -->\n<title>Hundeosteopathie - HUNDEOSTEOPATHIE<\/title>\n<meta name=\"robots\" content=\"index, follow, max-snippet:-1, max-image-preview:large, max-video-preview:-1\" \/>\n<link rel=\"canonical\" href=\"https:\/\/www.hundeosteopathie-muenster.de\/index.php\/hundeosteopathie\/\" \/>\n<meta property=\"og:locale\" content=\"de_DE\" \/>\n<meta property=\"og:type\" content=\"article\" \/>\n<meta property=\"og:title\" content=\"Hundeosteopathie - HUNDEOSTEOPATHIE\" \/>\n<meta property=\"og:description\" content=\"&#8222;Bewegung ist Leben. Leben ist ein Prozess. Verbessere die Qualit\u00e4t des Prozesses und du verbesserst das Leben selbst.&#8220; Mosh\u00e9 Feldenkreis 1904-1984 Die Osteopathie ist eine ganzheitliche Therapieform, die helfen soll, den K\u00f6rper ins Gleichgewicht zu bringen, so dass sich das\" \/>\n<meta property=\"og:url\" content=\"https:\/\/www.hundeosteopathie-muenster.de\/index.php\/hundeosteopathie\/\" \/>\n<meta property=\"og:site_name\" content=\"HUNDEOSTEOPATHIE\" \/>\n<meta property=\"article:publisher\" content=\"https:\/\/www.facebook.com\/HundeosteopathieMuenster\/\" \/>\n<meta property=\"article:modified_time\" content=\"2018-04-22T10:07:31+00:00\" \/>\n<meta property=\"og:image\" content=\"http:\/\/www.hundeosteopathie-muenster.de\/wp-content\/uploads\/2018\/04\/Kreuzgriff_red-1136x691.jpg\" \/>\n<meta name=\"twitter:card\" content=\"summary_large_image\" \/>\n<meta name=\"twitter:label1\" content=\"Gesch\u00e4tzte Lesezeit\" \/>\n\t<meta name=\"twitter:data1\" content=\"1\u00a0Minute\" \/>\n<script type=\"application\/ld+json\" class=\"yoast-schema-graph\">{\"@context\":\"https:\/\/schema.org\",\"@graph\":[{\"@type\":\"WebPage\",\"@id\":\"https:\/\/www.hundeosteopathie-muenster.de\/index.php\/hundeosteopathie\/\",\"url\":\"https:\/\/www.hundeosteopathie-muenster.de\/index.php\/hundeosteopathie\/\",\"name\":\"Hundeosteopathie - HUNDEOSTEOPATHIE\",\"isPartOf\":{\"@id\":\"https:\/\/www.hundeosteopathie-muenster.de\/#website\"},\"primaryImageOfPage\":{\"@id\":\"https:\/\/www.hundeosteopathie-muenster.de\/index.php\/hundeosteopathie\/#primaryimage\"},\"image\":{\"@id\":\"https:\/\/www.hundeosteopathie-muenster.de\/index.php\/hundeosteopathie\/#primaryimage\"},\"thumbnailUrl\":\"http:\/\/www.hundeosteopathie-muenster.de\/wp-content\/uploads\/2018\/04\/Kreuzgriff_red-1136x691.jpg\",\"datePublished\":\"2017-04-09T15:09:05+00:00\",\"dateModified\":\"2018-04-22T10:07:31+00:00\",\"breadcrumb\":{\"@id\":\"https:\/\/www.hundeosteopathie-muenster.de\/index.php\/hundeosteopathie\/#breadcrumb\"},\"inLanguage\":\"de\",\"potentialAction\":[{\"@type\":\"ReadAction\",\"target\":[\"https:\/\/www.hundeosteopathie-muenster.de\/index.php\/hundeosteopathie\/\"]}]},{\"@type\":\"ImageObject\",\"inLanguage\":\"de\",\"@id\":\"https:\/\/www.hundeosteopathie-muenster.de\/index.php\/hundeosteopathie\/#primaryimage\",\"url\":\"http:\/\/www.hundeosteopathie-muenster.de\/wp-content\/uploads\/2018\/04\/Kreuzgriff_red-1136x691.jpg\",\"contentUrl\":\"http:\/\/www.hundeosteopathie-muenster.de\/wp-content\/uploads\/2018\/04\/Kreuzgriff_red-1136x691.jpg\"},{\"@type\":\"BreadcrumbList\",\"@id\":\"https:\/\/www.hundeosteopathie-muenster.de\/index.php\/hundeosteopathie\/#breadcrumb\",\"itemListElement\":[{\"@type\":\"ListItem\",\"position\":1,\"name\":\"Startseite\",\"item\":\"https:\/\/www.hundeosteopathie-muenster.de\/\"},{\"@type\":\"ListItem\",\"position\":2,\"name\":\"Hundeosteopathie\"}]},{\"@type\":\"WebSite\",\"@id\":\"https:\/\/www.hundeosteopathie-muenster.de\/#website\",\"url\":\"https:\/\/www.hundeosteopathie-muenster.de\/\",\"name\":\"HUNDEOSTEOPATHIE\",\"description\":\"Nicole K\u00f6lker\",\"potentialAction\":[{\"@type\":\"SearchAction\",\"target\":{\"@type\":\"EntryPoint\",\"urlTemplate\":\"https:\/\/www.hundeosteopathie-muenster.de\/?s={search_term_string}\"},\"query-input\":{\"@type\":\"PropertyValueSpecification\",\"valueRequired\":true,\"valueName\":\"search_term_string\"}}],\"inLanguage\":\"de\"}]}<\/script>\n<!-- \/ Yoast SEO plugin. -->","yoast_head_json":{"title":"Hundeosteopathie - HUNDEOSTEOPATHIE","robots":{"index":"index","follow":"follow","max-snippet":"max-snippet:-1","max-image-preview":"max-image-preview:large","max-video-preview":"max-video-preview:-1"},"canonical":"https:\/\/www.hundeosteopathie-muenster.de\/index.php\/hundeosteopathie\/","og_locale":"de_DE","og_type":"article","og_title":"Hundeosteopathie - HUNDEOSTEOPATHIE","og_description":"&#8222;Bewegung ist Leben. Leben ist ein Prozess. Verbessere die Qualit\u00e4t des Prozesses und du verbesserst das Leben selbst.&#8220; Mosh\u00e9 Feldenkreis 1904-1984 Die Osteopathie ist eine ganzheitliche Therapieform, die helfen soll, den K\u00f6rper ins Gleichgewicht zu bringen, so dass sich das","og_url":"https:\/\/www.hundeosteopathie-muenster.de\/index.php\/hundeosteopathie\/","og_site_name":"HUNDEOSTEOPATHIE","article_publisher":"https:\/\/www.facebook.com\/HundeosteopathieMuenster\/","article_modified_time":"2018-04-22T10:07:31+00:00","og_image":[{"url":"http:\/\/www.hundeosteopathie-muenster.de\/wp-content\/uploads\/2018\/04\/Kreuzgriff_red-1136x691.jpg","type":"","width":"","height":""}],"twitter_card":"summary_large_image","twitter_misc":{"Gesch\u00e4tzte Lesezeit":"1\u00a0Minute"},"schema":{"@context":"https:\/\/schema.org","@graph":[{"@type":"WebPage","@id":"https:\/\/www.hundeosteopathie-muenster.de\/index.php\/hundeosteopathie\/","url":"https:\/\/www.hundeosteopathie-muenster.de\/index.php\/hundeosteopathie\/","name":"Hundeosteopathie - HUNDEOSTEOPATHIE","isPartOf":{"@id":"https:\/\/www.hundeosteopathie-muenster.de\/#website"},"primaryImageOfPage":{"@id":"https:\/\/www.hundeosteopathie-muenster.de\/index.php\/hundeosteopathie\/#primaryimage"},"image":{"@id":"https:\/\/www.hundeosteopathie-muenster.de\/index.php\/hundeosteopathie\/#primaryimage"},"thumbnailUrl":"http:\/\/www.hundeosteopathie-muenster.de\/wp-content\/uploads\/2018\/04\/Kreuzgriff_red-1136x691.jpg","datePublished":"2017-04-09T15:09:05+00:00","dateModified":"2018-04-22T10:07:31+00:00","breadcrumb":{"@id":"https:\/\/www.hundeosteopathie-muenster.de\/index.php\/hundeosteopathie\/#breadcrumb"},"inLanguage":"de","potentialAction":[{"@type":"ReadAction","target":["https:\/\/www.hundeosteopathie-muenster.de\/index.php\/hundeosteopathie\/"]}]},{"@type":"ImageObject","inLanguage":"de","@id":"https:\/\/www.hundeosteopathie-muenster.de\/index.php\/hundeosteopathie\/#primaryimage","url":"http:\/\/www.hundeosteopathie-muenster.de\/wp-content\/uploads\/2018\/04\/Kreuzgriff_red-1136x691.jpg","contentUrl":"http:\/\/www.hundeosteopathie-muenster.de\/wp-content\/uploads\/2018\/04\/Kreuzgriff_red-1136x691.jpg"},{"@type":"BreadcrumbList","@id":"https:\/\/www.hundeosteopathie-muenster.de\/index.php\/hundeosteopathie\/#breadcrumb","itemListElement":[{"@type":"ListItem","position":1,"name":"Startseite","item":"https:\/\/www.hundeosteopathie-muenster.de\/"},{"@type":"ListItem","position":2,"name":"Hundeosteopathie"}]},{"@type":"WebSite","@id":"https:\/\/www.hundeosteopathie-muenster.de\/#website","url":"https:\/\/www.hundeosteopathie-muenster.de\/","name":"HUNDEOSTEOPATHIE","description":"Nicole K\u00f6lker","potentialAction":[{"@type":"SearchAction","target":{"@type":"EntryPoint","urlTemplate":"https:\/\/www.hundeosteopathie-muenster.de\/?s={search_term_string}"},"query-input":{"@type":"PropertyValueSpecification","valueRequired":true,"valueName":"search_term_string"}}],"inLanguage":"de"}]}},"_links":{"self":[{"href":"https:\/\/www.hundeosteopathie-muenster.de\/index.php\/wp-json\/wp\/v2\/pages\/59","targetHints":{"allow":["GET"]}}],"collection":[{"href":"https:\/\/www.hundeosteopathie-muenster.de\/index.php\/wp-json\/wp\/v2\/pages"}],"about":[{"href":"https:\/\/www.hundeosteopathie-muenster.de\/index.php\/wp-json\/wp\/v2\/types\/page"}],"author":[{"embeddable":true,"href":"https:\/\/www.hundeosteopathie-muenster.de\/index.php\/wp-json\/wp\/v2\/users\/1"}],"replies":[{"embeddable":true,"href":"https:\/\/www.hundeosteopathie-muenster.de\/index.php\/wp-json\/wp\/v2\/comments?post=59"}],"version-history":[{"count":5,"href":"https:\/\/www.hundeosteopathie-muenster.de\/index.php\/wp-json\/wp\/v2\/pages\/59\/revisions"}],"predecessor-version":[{"id":162,"href":"https:\/\/www.hundeosteopathie-muenster.de\/index.php\/wp-json\/wp\/v2\/pages\/59\/revisions\/162"}],"wp:attachment":[{"href":"https:\/\/www.hundeosteopathie-muenster.de\/index.php\/wp-json\/wp\/v2\/media?parent=59"}],"curies":[{"name":"wp","href":"https:\/\/api.w.org\/{rel}","templated":true}]}}