{"id":6,"date":"2017-03-29T17:40:51","date_gmt":"2017-03-29T17:40:51","guid":{"rendered":"http:\/\/localhost\/?page_id=6"},"modified":"2026-02-21T12:07:45","modified_gmt":"2026-02-21T11:07:45","slug":"leistungen","status":"publish","type":"page","link":"https:\/\/www.hundeosteopathie-muenster.de\/index.php\/leistungen\/","title":{"rendered":"Leistungen"},"content":{"rendered":"<p>Um Ihrem Tier eine bestm\u00f6gliche Behandlung zukommen zu lassen, sollte diese im gewohnten Umfeld stattfinden. Aus diesem Grunde komme ich gerne zu Ihnen nach Hause, um die Therapie durchzuf\u00fchren. In einem Umkreis von 5 km um M\u00fcnster-Albachten werde ich keine Fahrtkosten berechnen. Bei gr\u00f6\u00dferen Entfernung w\u00fcrde ich einen Fahrtkostenanteil von 0,50 \u20ac \/ km abrechnen.<\/p>\n<h4><strong>Wichtige Info f\u00fcr die Hundeosteopathie:<br \/><\/strong><\/h4>\n<ul>\n<li><strong>Bitte beachten: 3 Stunden vor der Behandlung darf der Hund nichts fressen!<\/strong><\/li>\n<li>Der Hund muss sich von Fremden, in diesem Fall von mir, anfassen lassen.<\/li>\n<li><strong>Dry Needling, <\/strong>bei Bedarf\u00a0erg\u00e4nzend zu einer physiotherapeutischen\/ osteopathischen Behandlung ihres Hundes (+ 10 \u20ac)<\/li>\n<\/ul>\n<p><strong>Ersttermin<\/strong><br \/>Anamnese: Erstgespr\u00e4ch, Sicht- und Tastbefund, Bewegungsanalyse und erste Behandlungsans\u00e4tze<\/p>\n<p><strong>Folgetermine<\/strong><br \/>30\/45\/60 Minuten (30 Min = 40 \u20ac)<\/p>\n<p>Die Bezahlung erfolgt nach der Behandlung in bar. Selbstverst\u00e4ndlich stelle ich Ihnen eine Quittung oder Rechnung f\u00fcr Ihre Tier-Krankenversicherung aus.<\/p>\n<p><img loading=\"lazy\" decoding=\"async\" class=\"alignright size-medium wp-image-152\" src=\"https:\/\/www.hundeosteopathie-muenster.de\/wp-content\/uploads\/2018\/04\/Inneres_red-1136x854.jpg\" alt=\"\" width=\"1136\" height=\"854\" srcset=\"https:\/\/www.hundeosteopathie-muenster.de\/wp-content\/uploads\/2018\/04\/Inneres_red-1136x854.jpg 1136w, https:\/\/www.hundeosteopathie-muenster.de\/wp-content\/uploads\/2018\/04\/Inneres_red-150x113.jpg 150w, https:\/\/www.hundeosteopathie-muenster.de\/wp-content\/uploads\/2018\/04\/Inneres_red-768x577.jpg 768w\" sizes=\"auto, (max-width: 1136px) 100vw, 1136px\" \/><\/p>\n\n\n<p>Hundeosteopathie in der Anwendung<\/p>\n\n\n\n<p><a href=\"https:\/\/www.hundeosteopathie-muenster.de\">zur\u00fcck<\/a><\/p>\n","protected":false},"excerpt":{"rendered":"<p>Um Ihrem Tier eine bestm\u00f6gliche Behandlung zukommen zu lassen, sollte diese im gewohnten Umfeld stattfinden. Aus diesem Grunde komme ich gerne zu Ihnen nach Hause, um die Therapie durchzuf\u00fchren. In einem Umkreis von 5 km um M\u00fcnster-Albachten werde ich keine<\/p>\n","protected":false},"author":1,"featured_media":0,"parent":0,"menu_order":0,"comment_status":"closed","ping_status":"closed","template":"","meta":{"footnotes":""},"class_list":["post-6","page","type-page","status-publish","hentry"],"yoast_head":"<!-- This site is optimized with the Yoast SEO plugin v27.0 - https:\/\/yoast.com\/product\/yoast-seo-wordpress\/ -->\n<title>Leistungen - HUNDEOSTEOPATHIE<\/title>\n<meta name=\"description\" content=\"Hundeosteopathie, Osteotherapie, Physiotherapie, Dry Needling f\u00fcr Hunde, , Akupunktur, Akkupunktur, Krankheit, Therapie, Behandlung,\" \/>\n<meta name=\"robots\" content=\"index, follow, max-snippet:-1, max-image-preview:large, max-video-preview:-1\" \/>\n<link rel=\"canonical\" href=\"https:\/\/www.hundeosteopathie-muenster.de\/index.php\/leistungen\/\" \/>\n<meta property=\"og:locale\" content=\"de_DE\" \/>\n<meta property=\"og:type\" content=\"article\" \/>\n<meta property=\"og:title\" content=\"Leistungen - HUNDEOSTEOPATHIE\" \/>\n<meta property=\"og:description\" content=\"Hundeosteopathie, Osteotherapie, Physiotherapie, Dry Needling f\u00fcr Hunde, , Akupunktur, Akkupunktur, Krankheit, Therapie, Behandlung,\" \/>\n<meta property=\"og:url\" content=\"https:\/\/www.hundeosteopathie-muenster.de\/index.php\/leistungen\/\" \/>\n<meta property=\"og:site_name\" content=\"HUNDEOSTEOPATHIE\" \/>\n<meta property=\"article:publisher\" content=\"https:\/\/www.facebook.com\/HundeosteopathieMuenster\/\" \/>\n<meta property=\"article:modified_time\" content=\"2026-02-21T11:07:45+00:00\" \/>\n<meta property=\"og:image\" content=\"http:\/\/www.hundeosteopathie-muenster.de\/wp-content\/uploads\/2018\/04\/Inneres_red-1136x854.jpg\" \/>\n<meta name=\"twitter:card\" content=\"summary_large_image\" \/>\n<meta name=\"twitter:label1\" content=\"Gesch\u00e4tzte Lesezeit\" \/>\n\t<meta name=\"twitter:data1\" content=\"1\u00a0Minute\" \/>\n<script type=\"application\/ld+json\" class=\"yoast-schema-graph\">{\"@context\":\"https:\/\/schema.org\",\"@graph\":[{\"@type\":\"WebPage\",\"@id\":\"https:\/\/www.hundeosteopathie-muenster.de\/index.php\/leistungen\/\",\"url\":\"https:\/\/www.hundeosteopathie-muenster.de\/index.php\/leistungen\/\",\"name\":\"Leistungen - HUNDEOSTEOPATHIE\",\"isPartOf\":{\"@id\":\"https:\/\/www.hundeosteopathie-muenster.de\/#website\"},\"primaryImageOfPage\":{\"@id\":\"https:\/\/www.hundeosteopathie-muenster.de\/index.php\/leistungen\/#primaryimage\"},\"image\":{\"@id\":\"https:\/\/www.hundeosteopathie-muenster.de\/index.php\/leistungen\/#primaryimage\"},\"thumbnailUrl\":\"http:\/\/www.hundeosteopathie-muenster.de\/wp-content\/uploads\/2018\/04\/Inneres_red-1136x854.jpg\",\"datePublished\":\"2017-03-29T17:40:51+00:00\",\"dateModified\":\"2026-02-21T11:07:45+00:00\",\"description\":\"Hundeosteopathie, Osteotherapie, Physiotherapie, Dry Needling f\u00fcr Hunde, , Akupunktur, Akkupunktur, Krankheit, Therapie, Behandlung,\",\"breadcrumb\":{\"@id\":\"https:\/\/www.hundeosteopathie-muenster.de\/index.php\/leistungen\/#breadcrumb\"},\"inLanguage\":\"de\",\"potentialAction\":[{\"@type\":\"ReadAction\",\"target\":[\"https:\/\/www.hundeosteopathie-muenster.de\/index.php\/leistungen\/\"]}]},{\"@type\":\"ImageObject\",\"inLanguage\":\"de\",\"@id\":\"https:\/\/www.hundeosteopathie-muenster.de\/index.php\/leistungen\/#primaryimage\",\"url\":\"http:\/\/www.hundeosteopathie-muenster.de\/wp-content\/uploads\/2018\/04\/Inneres_red-1136x854.jpg\",\"contentUrl\":\"http:\/\/www.hundeosteopathie-muenster.de\/wp-content\/uploads\/2018\/04\/Inneres_red-1136x854.jpg\"},{\"@type\":\"BreadcrumbList\",\"@id\":\"https:\/\/www.hundeosteopathie-muenster.de\/index.php\/leistungen\/#breadcrumb\",\"itemListElement\":[{\"@type\":\"ListItem\",\"position\":1,\"name\":\"Startseite\",\"item\":\"https:\/\/www.hundeosteopathie-muenster.de\/\"},{\"@type\":\"ListItem\",\"position\":2,\"name\":\"Leistungen\"}]},{\"@type\":\"WebSite\",\"@id\":\"https:\/\/www.hundeosteopathie-muenster.de\/#website\",\"url\":\"https:\/\/www.hundeosteopathie-muenster.de\/\",\"name\":\"HUNDEOSTEOPATHIE\",\"description\":\"Nicole K\u00f6lker\",\"potentialAction\":[{\"@type\":\"SearchAction\",\"target\":{\"@type\":\"EntryPoint\",\"urlTemplate\":\"https:\/\/www.hundeosteopathie-muenster.de\/?s={search_term_string}\"},\"query-input\":{\"@type\":\"PropertyValueSpecification\",\"valueRequired\":true,\"valueName\":\"search_term_string\"}}],\"inLanguage\":\"de\"}]}<\/script>\n<!-- \/ Yoast SEO plugin. -->","yoast_head_json":{"title":"Leistungen - HUNDEOSTEOPATHIE","description":"Hundeosteopathie, Osteotherapie, Physiotherapie, Dry Needling f\u00fcr Hunde, , Akupunktur, Akkupunktur, Krankheit, Therapie, Behandlung,","robots":{"index":"index","follow":"follow","max-snippet":"max-snippet:-1","max-image-preview":"max-image-preview:large","max-video-preview":"max-video-preview:-1"},"canonical":"https:\/\/www.hundeosteopathie-muenster.de\/index.php\/leistungen\/","og_locale":"de_DE","og_type":"article","og_title":"Leistungen - HUNDEOSTEOPATHIE","og_description":"Hundeosteopathie, Osteotherapie, Physiotherapie, Dry Needling f\u00fcr Hunde, , Akupunktur, Akkupunktur, Krankheit, Therapie, Behandlung,","og_url":"https:\/\/www.hundeosteopathie-muenster.de\/index.php\/leistungen\/","og_site_name":"HUNDEOSTEOPATHIE","article_publisher":"https:\/\/www.facebook.com\/HundeosteopathieMuenster\/","article_modified_time":"2026-02-21T11:07:45+00:00","og_image":[{"url":"http:\/\/www.hundeosteopathie-muenster.de\/wp-content\/uploads\/2018\/04\/Inneres_red-1136x854.jpg","type":"","width":"","height":""}],"twitter_card":"summary_large_image","twitter_misc":{"Gesch\u00e4tzte Lesezeit":"1\u00a0Minute"},"schema":{"@context":"https:\/\/schema.org","@graph":[{"@type":"WebPage","@id":"https:\/\/www.hundeosteopathie-muenster.de\/index.php\/leistungen\/","url":"https:\/\/www.hundeosteopathie-muenster.de\/index.php\/leistungen\/","name":"Leistungen - HUNDEOSTEOPATHIE","isPartOf":{"@id":"https:\/\/www.hundeosteopathie-muenster.de\/#website"},"primaryImageOfPage":{"@id":"https:\/\/www.hundeosteopathie-muenster.de\/index.php\/leistungen\/#primaryimage"},"image":{"@id":"https:\/\/www.hundeosteopathie-muenster.de\/index.php\/leistungen\/#primaryimage"},"thumbnailUrl":"http:\/\/www.hundeosteopathie-muenster.de\/wp-content\/uploads\/2018\/04\/Inneres_red-1136x854.jpg","datePublished":"2017-03-29T17:40:51+00:00","dateModified":"2026-02-21T11:07:45+00:00","description":"Hundeosteopathie, Osteotherapie, Physiotherapie, Dry Needling f\u00fcr Hunde, , Akupunktur, Akkupunktur, Krankheit, Therapie, Behandlung,","breadcrumb":{"@id":"https:\/\/www.hundeosteopathie-muenster.de\/index.php\/leistungen\/#breadcrumb"},"inLanguage":"de","potentialAction":[{"@type":"ReadAction","target":["https:\/\/www.hundeosteopathie-muenster.de\/index.php\/leistungen\/"]}]},{"@type":"ImageObject","inLanguage":"de","@id":"https:\/\/www.hundeosteopathie-muenster.de\/index.php\/leistungen\/#primaryimage","url":"http:\/\/www.hundeosteopathie-muenster.de\/wp-content\/uploads\/2018\/04\/Inneres_red-1136x854.jpg","contentUrl":"http:\/\/www.hundeosteopathie-muenster.de\/wp-content\/uploads\/2018\/04\/Inneres_red-1136x854.jpg"},{"@type":"BreadcrumbList","@id":"https:\/\/www.hundeosteopathie-muenster.de\/index.php\/leistungen\/#breadcrumb","itemListElement":[{"@type":"ListItem","position":1,"name":"Startseite","item":"https:\/\/www.hundeosteopathie-muenster.de\/"},{"@type":"ListItem","position":2,"name":"Leistungen"}]},{"@type":"WebSite","@id":"https:\/\/www.hundeosteopathie-muenster.de\/#website","url":"https:\/\/www.hundeosteopathie-muenster.de\/","name":"HUNDEOSTEOPATHIE","description":"Nicole K\u00f6lker","potentialAction":[{"@type":"SearchAction","target":{"@type":"EntryPoint","urlTemplate":"https:\/\/www.hundeosteopathie-muenster.de\/?s={search_term_string}"},"query-input":{"@type":"PropertyValueSpecification","valueRequired":true,"valueName":"search_term_string"}}],"inLanguage":"de"}]}},"_links":{"self":[{"href":"https:\/\/www.hundeosteopathie-muenster.de\/index.php\/wp-json\/wp\/v2\/pages\/6","targetHints":{"allow":["GET"]}}],"collection":[{"href":"https:\/\/www.hundeosteopathie-muenster.de\/index.php\/wp-json\/wp\/v2\/pages"}],"about":[{"href":"https:\/\/www.hundeosteopathie-muenster.de\/index.php\/wp-json\/wp\/v2\/types\/page"}],"author":[{"embeddable":true,"href":"https:\/\/www.hundeosteopathie-muenster.de\/index.php\/wp-json\/wp\/v2\/users\/1"}],"replies":[{"embeddable":true,"href":"https:\/\/www.hundeosteopathie-muenster.de\/index.php\/wp-json\/wp\/v2\/comments?post=6"}],"version-history":[{"count":17,"href":"https:\/\/www.hundeosteopathie-muenster.de\/index.php\/wp-json\/wp\/v2\/pages\/6\/revisions"}],"predecessor-version":[{"id":276,"href":"https:\/\/www.hundeosteopathie-muenster.de\/index.php\/wp-json\/wp\/v2\/pages\/6\/revisions\/276"}],"wp:attachment":[{"href":"https:\/\/www.hundeosteopathie-muenster.de\/index.php\/wp-json\/wp\/v2\/media?parent=6"}],"curies":[{"name":"wp","href":"https:\/\/api.w.org\/{rel}","templated":true}]}}